{"id":929,"date":"2020-01-31T20:49:14","date_gmt":"2020-01-31T19:49:14","guid":{"rendered":"https:\/\/www.bdpsencik.cz\/?page_id=929"},"modified":"2021-02-09T17:51:19","modified_gmt":"2021-02-09T16:51:19","slug":"dokumentace-k-budove","status":"publish","type":"page","link":"https:\/\/www.bdpsencik.cz\/?page_id=929","title":{"rendered":"Dokumentace k budov\u011b"},"content":{"rendered":"<h2>Pr\u016fkaz energetick\u00e9 n\u00e1ro\u010dnosti budovy<\/h2>\n<p><a href=\"https:\/\/www.bdpsencik.cz\/wp-content\/uploads\/Vyhodnoceni_PENB_Psencikova_682-683_Praha4.pdf\">Energetick\u00fd \u0161t\u00edtek (vyhodnocen\u00ed PENB)<\/a><\/p>\n<p>Kompletn\u00ed <a href=\"https:\/\/www.bdpsencik.cz\/wp-content\/uploads\/PENB_Psencikova_682-683_Praha4.pdf\">Pr\u016fkaz energetick\u00e9 n\u00e1ro\u010dnosti budovy<\/a><\/p>\n<p>&nbsp;<\/p>\n<h2>Dokumenty po\u017e\u00e1rn\u00ed ochrany<\/h2>\n<p><a href=\"https:\/\/www.bdpsencik.cz\/wp-content\/uploads\/Rev-PO-20200129-Po\u017e\u00e1rn\u00ed-poplachov\u00e9-sm\u011brnice-V5.pdf\">Po\u017e\u00e1rn\u00ed poplachov\u00e9 sm\u011brnice<\/a><\/p>\n<p><a href=\"https:\/\/www.bdpsencik.cz\/wp-content\/uploads\/Rev-PO-20200129-Po\u017e\u00e1rn\u00ed-poplachov\u00e9-sm\u011brnice-V5.pdf\">Po\u017e\u00e1rn\u00ed \u0159\u00e1d<\/a><\/p>\n<p>&nbsp;<\/p>\n<h2><a href=\"https:\/\/www.bdpsencik.cz\/wp-content\/uploads\/N%C3%A1vod-k-pra%C4%8Dce.pdf\" target=\"_blank\" rel=\"attachment wp-att-955 noopener\">N\u00e1vod k pra\u010dce<\/a><\/h2>\n","protected":false},"excerpt":{"rendered":"<p>Pr\u016fkaz energetick\u00e9 n\u00e1ro\u010dnosti budovy <\/p>\n<p><a href=\"https:\/\/www.bdpsencik.cz\/wp-content\/uploads\/Vyhodnoceni_PENB_Psencikova_682-683_Praha4.pdf\">Energetick\u00fd \u0161t\u00edtek (vyhodnocen\u00ed PENB)<\/a><\/p>\n<p>Kompletn\u00ed <a href=\"https:\/\/www.bdpsencik.cz\/wp-content\/uploads\/PENB_Psencikova_682-683_Praha4.pdf\">Pr\u016fkaz energetick\u00e9 n\u00e1ro\u010dnosti budovy<\/a><\/p>\n<p>&nbsp;<\/p>\n<p> Dokumenty po\u017e\u00e1rn\u00ed ochrany <\/p>\n<p><a href=\"https:\/\/www.bdpsencik.cz\/wp-content\/uploads\/Rev-PO-20200129-Po\u017e\u00e1rn\u00ed-poplachov\u00e9-sm\u011brnice-V5.pdf\">Po\u017e\u00e1rn\u00ed poplachov\u00e9 sm\u011brnice<\/a><\/p>\n<p><a href=\"https:\/\/www.bdpsencik.cz\/wp-content\/uploads\/Rev-PO-20200129-Po\u017e\u00e1rn\u00ed-poplachov\u00e9-sm\u011brnice-V5.pdf\">Po\u017e\u00e1rn\u00ed \u0159\u00e1d<\/a><\/p>\n<p>&nbsp;<\/p>\n<p> <a href=\"https:\/\/www.bdpsencik.cz\/wp-content\/uploads\/N%C3%A1vod-k-pra%C4%8Dce.pdf\" target=\"_blank\" rel=\"attachment wp-att-955 noopener\">N\u00e1vod k pra\u010dce<\/a> <\/p>\n","protected":false},"author":2,"featured_media":0,"parent":0,"menu_order":0,"comment_status":"closed","ping_status":"closed","template":"","meta":{"footnotes":""},"class_list":["post-929","page","type-page","status-publish","hentry","odd"],"_links":{"self":[{"href":"https:\/\/www.bdpsencik.cz\/index.php?rest_route=\/wp\/v2\/pages\/929","targetHints":{"allow":["GET"]}}],"collection":[{"href":"https:\/\/www.bdpsencik.cz\/index.php?rest_route=\/wp\/v2\/pages"}],"about":[{"href":"https:\/\/www.bdpsencik.cz\/index.php?rest_route=\/wp\/v2\/types\/page"}],"author":[{"embeddable":true,"href":"https:\/\/www.bdpsencik.cz\/index.php?rest_route=\/wp\/v2\/users\/2"}],"replies":[{"embeddable":true,"href":"https:\/\/www.bdpsencik.cz\/index.php?rest_route=%2Fwp%2Fv2%2Fcomments&post=929"}],"version-history":[{"count":5,"href":"https:\/\/www.bdpsencik.cz\/index.php?rest_route=\/wp\/v2\/pages\/929\/revisions"}],"predecessor-version":[{"id":958,"href":"https:\/\/www.bdpsencik.cz\/index.php?rest_route=\/wp\/v2\/pages\/929\/revisions\/958"}],"wp:attachment":[{"href":"https:\/\/www.bdpsencik.cz\/index.php?rest_route=%2Fwp%2Fv2%2Fmedia&parent=929"}],"curies":[{"name":"wp","href":"https:\/\/api.w.org\/{rel}","templated":true}]}}