{"id":751,"date":"2017-04-17T23:28:19","date_gmt":"2017-04-17T21:28:19","guid":{"rendered":"https:\/\/www.bdpsencik.cz\/?page_id=751"},"modified":"2023-06-19T09:11:01","modified_gmt":"2023-06-19T07:11:01","slug":"vyse-poplatku-spojenych-s-uzivanim-bytu","status":"publish","type":"page","link":"https:\/\/www.bdpsencik.cz\/?page_id=751","title":{"rendered":"V\u00fd\u0161e poplatk\u016f spojen\u00fdch s u\u017e\u00edv\u00e1n\u00edm bytu"},"content":{"rendered":"\n<p>M\u011bs\u00ed\u010dn\u00ed v\u00fd\u0161e plateb za byt:<\/p>\n\n\n\n<div class=\"wp-block-group\"><div class=\"wp-block-group__inner-container is-layout-constrained wp-block-group-is-layout-constrained\">\n<figure class=\"wp-block-table is-style-stripes\"><table><tbody><tr><td class=\"has-text-align-right\" data-align=\"right\">p\u0159\u00edsp\u011bvek do fondu oprav<\/td><td>10 K\u010d\/m<sup>2<\/sup> podlahov\u00e9 plochy<\/td><\/tr><tr><td class=\"has-text-align-right\" data-align=\"right\">p\u0159\u00edsp\u011bvek na spr\u00e1vu domu<\/td><td>10 K\u010d\/m<sup>2<\/sup> podlahov\u00e9 plochy<\/td><\/tr><tr><td class=\"has-text-align-right\" data-align=\"right\">z\u00e1loha na osv\u011btlen\u00ed spole\u010dn\u00fdch prostor<\/td><td>20 K\u010d\/osobu<\/td><\/tr><tr><td class=\"has-text-align-right\" data-align=\"right\">z\u00e1loha na odvoz komun\u00e1ln\u00edho odpadu<\/td><td>70 K\u010d\/osobu<\/td><\/tr><tr><td class=\"has-text-align-right\" data-align=\"right\">z\u00e1loha na \u00faklid spole\u010dn\u00fdch prostor<\/td><td>70 K\u010d\/osobu<\/td><\/tr><tr><td class=\"has-text-align-right\" data-align=\"right\">z\u00e1loha na v\u00fdtah<\/td><td>80 K\u010d\/osobu<\/td><\/tr><tr><td class=\"has-text-align-right\" data-align=\"right\">poplatek za kol\u00e1rnu<\/td><td>10 K\u010d\/st\u00e1n\u00ed<\/td><\/tr><tr><td class=\"has-text-align-right\" data-align=\"right\">poplatek za 2. a dal\u0161\u00ed skl\u00edpek<\/td><td>60 K\u010d<\/td><\/tr><tr><td class=\"has-text-align-right\" data-align=\"right\">poplatek za pr\u00e1delnu<\/td><td>50 K\u010d\/prac\u00ed cyklus<\/td><\/tr><\/tbody><\/table><\/figure>\n<\/div><\/div>\n\n\n\n<p>Podlahovou plochou se mysl\u00ed podlahov\u00e1 plocha ur\u010den\u00e1 metodikou podle&nbsp;\u00a7 2 p\u00edsm. d) vyhl\u00e1\u0161ky 269\/2015 Sb.<\/p>\n\n\n\n<p>Ve\u0161ker\u00e9 z\u00e1lohy, poplatky za kol\u00e1rnu, skl\u00edpky a pr\u00e1delnu se vy\u00fa\u010dtuj\u00ed v ro\u010dn\u00edm vy\u00fa\u010dtov\u00e1n\u00ed slu\u017eeb.<\/p>\n\n\n\n<p><\/p>\n\n\n\n<p><\/p>\n","protected":false},"excerpt":{"rendered":"\n<p>M\u011bs\u00ed\u010dn\u00ed v\u00fd\u0161e plateb za byt:<\/p>\n<p> p\u0159\u00edsp\u011bvek do fondu oprav10 K\u010d\/m2 podlahov\u00e9 plochyp\u0159\u00edsp\u011bvek na spr\u00e1vu domu10 K\u010d\/m2 podlahov\u00e9 plochyz\u00e1loha na osv\u011btlen\u00ed spole\u010dn\u00fdch prostor20 K\u010d\/osobuz\u00e1loha na odvoz komun\u00e1ln\u00edho odpadu70 K\u010d\/osobuz\u00e1loha na \u00faklid spole\u010dn\u00fdch prostor70 K\u010d\/osobuz\u00e1loha na v\u00fdtah80 K\u010d\/osobupoplatek za kol\u00e1rnu10 K\u010d\/st\u00e1n\u00edpoplatek za 2. a dal\u0161\u00ed skl\u00edpek60 K\u010dpoplatek za pr\u00e1delnu50 K\u010d\/prac\u00ed cyklus <\/p>\n<p>Podlahovou plochou se mysl\u00ed podlahov\u00e1 <a href=\"https:\/\/www.bdpsencik.cz\/?page_id=751\">[v\u00edce &#8230;]<\/a><\/p>\n","protected":false},"author":2,"featured_media":0,"parent":459,"menu_order":0,"comment_status":"closed","ping_status":"open","template":"","meta":{"footnotes":""},"class_list":["post-751","page","type-page","status-publish","hentry","odd"],"_links":{"self":[{"href":"https:\/\/www.bdpsencik.cz\/index.php?rest_route=\/wp\/v2\/pages\/751","targetHints":{"allow":["GET"]}}],"collection":[{"href":"https:\/\/www.bdpsencik.cz\/index.php?rest_route=\/wp\/v2\/pages"}],"about":[{"href":"https:\/\/www.bdpsencik.cz\/index.php?rest_route=\/wp\/v2\/types\/page"}],"author":[{"embeddable":true,"href":"https:\/\/www.bdpsencik.cz\/index.php?rest_route=\/wp\/v2\/users\/2"}],"replies":[{"embeddable":true,"href":"https:\/\/www.bdpsencik.cz\/index.php?rest_route=%2Fwp%2Fv2%2Fcomments&post=751"}],"version-history":[{"count":8,"href":"https:\/\/www.bdpsencik.cz\/index.php?rest_route=\/wp\/v2\/pages\/751\/revisions"}],"predecessor-version":[{"id":1041,"href":"https:\/\/www.bdpsencik.cz\/index.php?rest_route=\/wp\/v2\/pages\/751\/revisions\/1041"}],"up":[{"embeddable":true,"href":"https:\/\/www.bdpsencik.cz\/index.php?rest_route=\/wp\/v2\/pages\/459"}],"wp:attachment":[{"href":"https:\/\/www.bdpsencik.cz\/index.php?rest_route=%2Fwp%2Fv2%2Fmedia&parent=751"}],"curies":[{"name":"wp","href":"https:\/\/api.w.org\/{rel}","templated":true}]}}