{"id":611,"date":"2015-11-02T20:38:13","date_gmt":"2015-11-02T19:38:13","guid":{"rendered":"https:\/\/www.bdpsencik.cz\/?page_id=611"},"modified":"2023-06-12T22:11:40","modified_gmt":"2023-06-12T20:11:40","slug":"zapisy-ze-schuzi-predstavenstva","status":"publish","type":"page","link":"https:\/\/www.bdpsencik.cz\/?page_id=611","title":{"rendered":"P\u0159edstavenstvo"},"content":{"rendered":"<h2>Slo\u017een\u00ed p\u0159edstavenstva<\/h2>\n<ul>\n<li>Ing. Petr Sosna &#8211; p\u0159edseda p\u0159edstavenstva<\/li>\n<li>Ing. Pavel Dvo\u0159\u00e1k &#8211; m\u00edstop\u0159edseda p\u0159edstavenstva<\/li>\n<li>MUDr. Martin Vejra\u017eka, PhD. &#8211; m\u00edstop\u0159edseda p\u0159edstavenstva<\/li>\n<li>Mgr. Martin \u010cmol\u00edk<\/li>\n<li>Jan R\u00f6thing<\/li>\n<\/ul>\n<p><span style=\"color: #808080;\"><i>Funk\u010dn\u00ed obdob\u00ed p\u0159edstavenstva kon\u010d\u00ed 7. 6. 2026<\/i><\/span><\/p>\n<h2>Kontakt na p\u0159edstavenstvo<\/h2>\n<ul>\n<li>Schr\u00e1nka \u010d. 37 ve vchodu 682\/8<\/li>\n<li>E-mail info@bdpsencik.cz<\/li>\n<\/ul>\n<h2>Z\u00e1pisy ze sch\u016fz\u00ed p\u0159edstavenstva<\/h2>\n<ul>\n<li><a href=\"https:\/\/www.bdpsencik.cz\/wp-content\/uploads\/P-20230612-Zapis-ze-schuze-predstavenstva-zacernene-podpisy.pdf\">12. 6. 2023<\/a><\/li>\n<li><a href=\"https:\/\/www.bdpsencik.cz\/wp-content\/uploads\/P-202200105-Z\u00e1pis-ze-sch\u016fze-p\u0159edstavenstva.pdf\">5. 1. 2020<\/a><\/li>\n<li><a href=\"https:\/\/www.bdpsencik.cz\/wp-content\/uploads\/P-20191209-Z\u00e1pis-ze-sch\u016fze-p\u0159edstavenstva.pdf\">9. 12. 2019<\/a><\/li>\n<li><a href=\"https:\/\/www.bdpsencik.cz\/wp-content\/uploads\/P-20191118-Z\u00e1pis-ze-sch\u016fze-p\u0159edstavenstva.pdf\">18. 11. 2019<\/a><\/li>\n<li><a href=\"https:\/\/www.bdpsencik.cz\/wp-content\/uploads\/P-20191106-Z\u00e1pis-ze-sch\u016fze-p\u0159edstavenstva.pdf\">6. 11. 2019<\/a><\/li>\n<li><a href=\"https:\/\/www.bdpsencik.cz\/wp-content\/uploads\/P-20191014-Z\u00e1pis-ze-sch\u016fze-p\u0159edstavenstva.pdf\">14. 10. 2019<\/a><\/li>\n<li><a href=\"https:\/\/www.bdpsencik.cz\/wp-content\/uploads\/P-20190716-Z\u00e1pis-ze-sch\u016fze-p\u0159edstavenstva.pdf\">16. 7. 2019<\/a><\/li>\n<li><a href=\"https:\/\/www.bdpsencik.cz\/wp-content\/uploads\/P-20190617-Z\u00e1pis-ze-sch\u016fze-p\u0159edstavenstva.pdf\">17. 6. 2019<\/a><\/li>\n<li><a href=\"https:\/\/www.bdpsencik.cz\/wp-content\/uploads\/P-20190603-Z\u00e1pis-ze-sch\u016fze-p\u0159edstavenstva.pdf\">3. 6. 2019<\/a><\/li>\n<li><a href=\"https:\/\/www.bdpsencik.cz\/wp-content\/uploads\/P-20190506-Z\u00e1pis-ze-sch\u016fze-p\u0159edstavenstva.pdf\">6. 5. 2019<\/a><\/li>\n<li><a href=\"https:\/\/www.bdpsencik.cz\/wp-content\/uploads\/P-20190423-Z\u00e1pis-ze-sch\u016fze-p\u0159edstavenstva.pdf\">23. 4. 2019<\/a><\/li>\n<li><a href=\"https:\/\/www.bdpsencik.cz\/wp-content\/uploads\/P-20190408-Z\u00e1pis-ze-sch\u016fze-p\u0159edstavenstva.pdf\">8. 4. 2019<\/a><\/li>\n<li><a href=\"https:\/\/www.bdpsencik.cz\/wp-content\/uploads\/P-20190325-Z\u00e1pis-ze-sch\u016fze-p\u0159edstavenstva.pdf\">25. 3. 2019<\/a><\/li>\n<li><a href=\"https:\/\/www.bdpsencik.cz\/wp-content\/uploads\/P-20181008-Z\u00e1pis-ze-sch\u016fze-p\u0159edstavenstva.pdf\">11. 3. 2019<\/a><\/li>\n<li><a href=\"https:\/\/www.bdpsencik.cz\/wp-content\/uploads\/P-20190227-Z\u00e1pis-ze-sch\u016fze-p\u0159edstavenstva.pdf\">27. 2. 2019<\/a><\/li>\n<li><a href=\"https:\/\/www.bdpsencik.cz\/wp-content\/uploads\/P-20190206-Z\u00e1pis-ze-sch\u016fze-p\u0159edstavenstva.pdf\">6. 2. 2019<\/a><\/li>\n<li><a href=\"https:\/\/www.bdpsencik.cz\/wp-content\/uploads\/P-20190123-Z\u00e1pis-ze-sch\u016fze-p\u0159edstavenstva-A10-2029.pdf\">23. 1. 2019<\/a><\/li>\n<li><a href=\"https:\/\/www.bdpsencik.cz\/wp-content\/uploads\/P-20190107-Z\u00e1pis-ze-sch\u016fze-p\u0159edstavenstva-A10-2029.pdf\">7. 1. 2019<\/a><\/li>\n<li><a href=\"https:\/\/www.bdpsencik.cz\/wp-content\/uploads\/P-20181210-Z\u00e1pis-ze-sch\u016fze-p\u0159edstavenstva-A10-2028.pdf\">10. 12. 2018<\/a><\/li>\n<li><a href=\"https:\/\/www.bdpsencik.cz\/wp-content\/uploads\/P-20181126-Z\u00e1pis-ze-sch\u016fze-p\u0159edstavenstva.pdf\">26. 11. 2018<\/a><\/li>\n<li><a href=\"https:\/\/www.bdpsencik.cz\/wp-content\/uploads\/P-20181112-Z\u00e1pis-ze-sch\u016fze-p\u0159edstavenstva.pdf\">12. 11. 2018<\/a><\/li>\n<li><a href=\"https:\/\/www.bdpsencik.cz\/wp-content\/uploads\/P-20181029-Z\u00e1pis-ze-sch\u016fze-p\u0159edstavenstva.pdf\">29. 10. 2018<\/a><\/li>\n<li><a href=\"https:\/\/www.bdpsencik.cz\/wp-content\/uploads\/P-20181022-Z\u00e1pis-ze-sch\u016fze-p\u0159edstavenstva.pdf\">22. 10. 2018<\/a><\/li>\n<li><a href=\"https:\/\/www.bdpsencik.cz\/wp-content\/uploads\/P-20181008-Z\u00e1pis-ze-sch\u016fze-p\u0159edstavenstva.pdf\">8. 10. 2018<\/a><\/li>\n<li><a href=\"https:\/\/www.bdpsencik.cz\/wp-content\/uploads\/P-20180925-Z\u00e1pis-ze-sch\u016fze-p\u0159edstavenstva.pdf\">25. 9. 2018<\/a><\/li>\n<li><a href=\"https:\/\/www.bdpsencik.cz\/wp-content\/uploads\/P-20180403-Z\u00e1pis-ze-sch\u016fze-p\u0159edstavenstva.pdf\" target=\"_blank\" rel=\"noopener\">3. 4. 2018<\/a><\/li>\n<li><a href=\"https:\/\/www.bdpsencik.cz\/wp-content\/uploads\/P-20180314-Z\u00e1pis-ze-sch\u016fze-p\u0159edstavenstva.pdf\" target=\"_blank\" rel=\"noopener\">14. 3. 2018<\/a><\/li>\n<li><a href=\"https:\/\/www.bdpsencik.cz\/?attachment_id=807\" rel=\"attachment wp-att-807\">26. 2. 2018<\/a><\/li>\n<li><a href=\"https:\/\/www.bdpsencik.cz\/?attachment_id=806\" rel=\"attachment wp-att-806\">13. 2. 2018<\/a><\/li>\n<li><a href=\"https:\/\/www.bdpsencik.cz\/?attachment_id=805\" rel=\"attachment wp-att-805\">31. 1. 2018<\/a><\/li>\n<li><a href=\"https:\/\/www.bdpsencik.cz\/?attachment_id=804\" rel=\"attachment wp-att-804\">16. 1. 2018<\/a><\/li>\n<li><a href=\"https:\/\/www.bdpsencik.cz\/?attachment_id=803\" rel=\"attachment wp-att-803\">2. 1. 2018<\/a><\/li>\n<li><a href=\"https:\/\/www.bdpsencik.cz\/?attachment_id=819\" rel=\"attachment wp-att-819\">4. 12. 2017<\/a><\/li>\n<li><a href=\"https:\/\/www.bdpsencik.cz\/?attachment_id=818\" rel=\"attachment wp-att-818\">22. 11. 2017<\/a><\/li>\n<li><a href=\"https:\/\/www.bdpsencik.cz\/?attachment_id=817\" rel=\"attachment wp-att-817\">10. 10. 2017<\/a><\/li>\n<li><a href=\"https:\/\/www.bdpsencik.cz\/?attachment_id=816\" rel=\"attachment wp-att-816\">19. 9. 2017<\/a><\/li>\n<li><a href=\"https:\/\/www.bdpsencik.cz\/?attachment_id=815\" rel=\"attachment wp-att-815\">5. 9. 2017<\/a><\/li>\n<li><a href=\"https:\/\/www.bdpsencik.cz\/?attachment_id=814\" rel=\"attachment wp-att-814\">27. 6. 2017<\/a><\/li>\n<li><a href=\"https:\/\/www.bdpsencik.cz\/?attachment_id=813\" rel=\"attachment wp-att-813\">6. 6. 2017<\/a><\/li>\n<li><a href=\"https:\/\/www.bdpsencik.cz\/?attachment_id=812\" rel=\"attachment wp-att-812\">23. 5. 2017<\/a><\/li>\n<li><a href=\"https:\/\/www.bdpsencik.cz\/?attachment_id=811\" rel=\"attachment wp-att-811\">9. 5. 2017<\/a><\/li>\n<li><a href=\"https:\/\/www.bdpsencik.cz\/?attachment_id=810\" rel=\"attachment wp-att-810\">4. 4. 2017<\/a><\/li>\n<\/ul>\n","protected":false},"excerpt":{"rendered":"<p>Slo\u017een\u00ed p\u0159edstavenstva <\/p>\n<li>Ing. Petr Sosna &#8211; p\u0159edseda p\u0159edstavenstva<\/li>\n<li>Ing. Pavel Dvo\u0159\u00e1k &#8211; m\u00edstop\u0159edseda p\u0159edstavenstva<\/li>\n<li>MUDr. Martin Vejra\u017eka, PhD. &#8211; m\u00edstop\u0159edseda p\u0159edstavenstva<\/li>\n<li>Mgr. Martin \u010cmol\u00edk<\/li>\n<li>Jan R\u00f6thing<\/li>\n<p><span style=\"color: #808080;\">Funk\u010dn\u00ed obdob\u00ed p\u0159edstavenstva kon\u010d\u00ed 7. 6. 2026<\/span><\/p>\n<p> Kontakt na p\u0159edstavenstvo <\/p>\n<li>Schr\u00e1nka \u010d. 37 ve vchodu 682\/8<\/li>\n<li>E-mail info@bdpsencik.cz<\/li>\n<p> Z\u00e1pisy ze sch\u016fz\u00ed p\u0159edstavenstva <\/p>\n<li><a href=\"https:\/\/www.bdpsencik.cz\/wp-content\/uploads\/P-20230612-Zapis-ze-schuze-predstavenstva-zacernene-podpisy.pdf\">12. 6. 2023<\/a><\/li>\n<li><a <a href=\"https:\/\/www.bdpsencik.cz\/?page_id=611\">[v\u00edce &#8230;]<\/a><br \/>\n","protected":false},"author":2,"featured_media":178,"parent":0,"menu_order":0,"comment_status":"closed","ping_status":"open","template":"","meta":{"footnotes":""},"class_list":["post-611","page","type-page","status-publish","has-post-thumbnail","hentry","odd"],"_links":{"self":[{"href":"https:\/\/www.bdpsencik.cz\/index.php?rest_route=\/wp\/v2\/pages\/611","targetHints":{"allow":["GET"]}}],"collection":[{"href":"https:\/\/www.bdpsencik.cz\/index.php?rest_route=\/wp\/v2\/pages"}],"about":[{"href":"https:\/\/www.bdpsencik.cz\/index.php?rest_route=\/wp\/v2\/types\/page"}],"author":[{"embeddable":true,"href":"https:\/\/www.bdpsencik.cz\/index.php?rest_route=\/wp\/v2\/users\/2"}],"replies":[{"embeddable":true,"href":"https:\/\/www.bdpsencik.cz\/index.php?rest_route=%2Fwp%2Fv2%2Fcomments&post=611"}],"version-history":[{"count":25,"href":"https:\/\/www.bdpsencik.cz\/index.php?rest_route=\/wp\/v2\/pages\/611\/revisions"}],"predecessor-version":[{"id":1012,"href":"https:\/\/www.bdpsencik.cz\/index.php?rest_route=\/wp\/v2\/pages\/611\/revisions\/1012"}],"wp:featuredmedia":[{"embeddable":true,"href":"https:\/\/www.bdpsencik.cz\/index.php?rest_route=\/wp\/v2\/media\/178"}],"wp:attachment":[{"href":"https:\/\/www.bdpsencik.cz\/index.php?rest_route=%2Fwp%2Fv2%2Fmedia&parent=611"}],"curies":[{"name":"wp","href":"https:\/\/api.w.org\/{rel}","templated":true}]}}