{"id":459,"date":"2015-03-21T13:55:56","date_gmt":"2015-03-21T12:55:56","guid":{"rendered":"https:\/\/www.bdpsencik.cz\/?page_id=459"},"modified":"2023-06-15T09:32:00","modified_gmt":"2023-06-15T07:32:00","slug":"vnitrni-predpisy","status":"publish","type":"page","link":"https:\/\/www.bdpsencik.cz\/?page_id=459","title":{"rendered":"Vnit\u0159n\u00ed p\u0159edpisy"},"content":{"rendered":"<p><a title=\"Stanovy\" href=\"http:\/\/www.bdpsencik.cz\/wp-content\/uploads\/Stanovy-zn\u011bn\u00ed-od-20140610.pdf\">Stanovy<\/a><\/p>\n<p><a title=\"Domovn\u00ed \u0159\u00e1d\" href=\"https:\/\/www.bdpsencik.cz\/wp-content\/uploads\/Domovn\u00ed-\u0159\u00e1d-od-20150623.pdf\">Domovn\u00ed \u0159\u00e1d<\/a><\/p>\n<p><a href=\"https:\/\/www.bdpsencik.cz\/wp-content\/uploads\/Zpusob-vyuctovani-sluzeb-spojenych-s-uzivanim-bytu.pdf\">Zp\u016fsob vy\u00fa\u010dtov\u00e1n\u00ed slu\u017eeb spojen\u00fdch s u\u017e\u00edv\u00e1n\u00edm byt\u016f<\/a><\/p>\n<p><a title=\"V\u00fd\u0161e poplatk\u016f spojen\u00fdch s u\u017e\u00edv\u00e1n\u00edm bytu\" href=\"https:\/\/www.bdpsencik.cz\/?page_id=751\">V\u00fd\u0161e poplatk\u016f spojen\u00fdch s u\u017e\u00edv\u00e1n\u00edm bytu<\/a><\/p>\n<h3>Vybran\u00e9 obecn\u011b z\u00e1vazn\u00e9 p\u0159edpisy<\/h3>\n<ul>\n<li><a title=\"Z\u00e1kon o obchodn\u00edch korporac\u00edch\" href=\"http:\/\/www.zakonyprolidi.cz\/cs\/2012-90\" target=\"_blank\" rel=\"noopener\">Z\u00e1kon 90\/2012 Sb., z\u00e1kon o obchodn\u00edch korporac\u00edch<\/a> v platn\u00e9m zn\u011bn\u00ed, zejm\u00e9na \u00a7 727-757<br \/>\n<em>upravuje nap\u0159. majetkov\u00e9 pom\u011bry v bytov\u00e9m dru\u017estvu, \u010dlenstv\u00ed a dru\u017estevn\u00ed pod\u00edly, samospr\u00e1vu, pr\u00e1vo na uzav\u0159en\u00ed n\u00e1jemn\u00ed smlouvy<\/em><\/li>\n<li><a title=\"Ob\u010dansk\u00fd z\u00e1kon\u00edk\" href=\"http:\/\/www.zakonyprolidi.cz\/cs\/2012-89\" target=\"_blank\" rel=\"noopener\">Z\u00e1kon 89\/2012 Sb., ob\u010dansk\u00fd z\u00e1kon\u00edk<\/a> v platn\u00e9m zn\u011bn\u00ed, zejm\u00e9na \u00a7 2235-2296<br \/>\n<em>upravuje nap\u0159. n\u00e1jemn\u00ed vztahy, dal\u0161\u00ed \u010d\u00e1sti ob\u010dansk\u00e9ho z\u00e1kon\u00edku pak upravuj\u00ed d\u011bdictv\u00ed, odpov\u011bdnost za \u0161kody aj.<\/em><\/li>\n<li><a href=\"http:\/\/www.zakonyprolidi.cz\/cs\/2013-67\" target=\"_blank\" rel=\"noopener\">Z\u00e1kon 67\/2013 Sb., kter\u00fdm se upravuj\u00ed n\u011bkter\u00e9 ot\u00e1zky souvisej\u00edc\u00ed s poskytov\u00e1n\u00edm pln\u011bn\u00ed spojen\u00fdch s u\u017e\u00edv\u00e1n\u00edm byt\u016f a nebytov\u00fdch prostor\u016f v dom\u011b s byty<br \/>\n<\/a><em>upravuje zp\u016fsob, jak\u00fdm se roz\u00fa\u010dtuj\u00ed n\u00e1klady na vodu, otop, v\u00fdtah, osv\u011btlen\u00ed, odpad a dal\u0161\u00ed slu\u017eby<\/em><\/li>\n<li><a href=\"http:\/\/www.zakonyprolidi.cz\/cs\/2013-366\" target=\"_blank\" rel=\"noopener\">Na\u0159\u00edzen\u00ed vl\u00e1dy 366\/2013 Sb.\u00a0o \u00faprav\u011b n\u011bkter\u00fdch z\u00e1le\u017eitost\u00ed souvisej\u00edc\u00edch s bytov\u00fdm spoluvlastnictv\u00edm<br \/>\n<\/a><em>stanov\u00ed zp\u016fsob v\u00fdpo\u010dtu podlahov\u00e9 plochy jednotky, spole\u010dn\u00e9 \u010d\u00e1sti domu a n\u011bkter\u00e9 povinnosti p\u0159i spr\u00e1v\u011b domu<\/em><\/li>\n<li><a href=\"http:\/\/www.zakonyprolidi.cz\/cs\/2015-269\" target=\"_blank\" rel=\"noopener\">Vyhl\u00e1\u0161ka 269\/2015 o roz\u00fa\u010dtov\u00e1n\u00ed n\u00e1klad\u016f na vyt\u00e1p\u011bn\u00ed a spole\u010dnou p\u0159\u00edpravu tepl\u00e9 vody pro d\u016fm<\/a><a href=\"http:\/\/www.zakonyprolidi.cz\/cs\/2015-269\" target=\"_blank\" rel=\"noopener\"><br \/>\n<\/a><\/li>\n<li><a href=\"https:\/\/www.zakonyprolidi.cz\/cs\/2007-194\/\">Vyhl\u00e1\u0161ka 194\/2007,\u00a0kterou se stanov\u00ed pravidla pro vyt\u00e1p\u011bn\u00ed a dod\u00e1vku tepl\u00e9 vody, m\u011brn\u00e9 ukazatele spot\u0159eby tepeln\u00e9 energie pro vyt\u00e1p\u011bn\u00ed a pro p\u0159\u00edpravu tepl\u00e9 vody a po\u017eadavky na vybaven\u00ed vnit\u0159n\u00edch tepeln\u00fdch za\u0159\u00edzen\u00ed budov p\u0159\u00edstroji reguluj\u00edc\u00edmi a registruj\u00edc\u00edmi dod\u00e1vku tepeln\u00e9 energie<\/a><\/li>\n<li><a href=\"http:\/\/www.zakonyprolidi.cz\/cs\/1990-505\" target=\"_blank\" rel=\"noopener\">Z\u00e1kon 505\/1990 Sb. o metrologii<\/a> ve zn\u011bn\u00ed pozd\u011bj\u0161\u00edch p\u0159edpis\u016f<br \/>\n<em>stanov\u00ed, jak se m\u011b\u0159\u00ed spot\u0159eba vody a tepla v bytech<\/em><\/li>\n<li><a href=\"https:\/\/www.mmr.cz\/getmedia\/c0748d76-5245-4b51-9059-5d5bd086c6b3\/Metodicky-pokyn_sluzby_zakon-c-67_2013-Sb_1.pdf\" target=\"_blank\" rel=\"noopener\">Metodick\u00fd pokyn Ministerstva pro m\u00edstn\u00ed rozvoj k z\u00e1konu \u010d. 67\/2013 Sb., ve zn\u011bn\u00ed z\u00e1kona \u010d. 104\/2015 Sb. kter\u00fdm se upravuj\u00ed n\u011bkter\u00e9 ot\u00e1zky souvisej\u00edc\u00ed s poskytov\u00e1n\u00edm pln\u011bn\u00ed spojen\u00fdch s u\u017e\u00edv\u00e1n\u00edm byt\u016f a nebytov\u00fdch prostor\u016f v dom\u011b s byty<\/a><\/li>\n<li><a href=\"http:\/\/www.zakonyprolidi.cz\/cs\/2015-308\" target=\"_blank\" rel=\"noopener\">Na\u0159\u00edzen\u00ed vl\u00e1dy 308\/2015 Sb.\u00a0o vymezen\u00ed pojm\u016f b\u011b\u017en\u00e1 \u00fadr\u017eba a drobn\u00e9 opravy souvisej\u00edc\u00ed s u\u017e\u00edv\u00e1n\u00edm bytu<br \/>\n<\/a><\/li>\n<li><a href=\"http:\/\/www.zakonyprolidi.cz\/cs\/2006-183\" target=\"_blank\" rel=\"noopener\">Z\u00e1kon 183\/2006, stavebn\u00ed z\u00e1kon<\/a> ve zn\u011bn\u00ed pozd\u011bj\u0161\u00edch p\u0159edpis\u016f (od 1. 1. 2024 nahrazen z\u00e1k. \u010d. <a href=\"https:\/\/www.zakonyprolidi.cz\/cs\/2021-283\" target=\"_blank\" rel=\"noopener\">283\/2021 Sb.<\/a>)<\/li>\n<li><a href=\"http:\/\/www.zakonyprolidi.cz\/cs\/2000-406\">Z\u00e1kon 406\/2000 Sb. o hospoda\u0159en\u00ed energi\u00ed<\/a><\/li>\n<li><a href=\"https:\/\/www.zakonyprolidi.cz\/cs\/2020-264\" target=\"_blank\" rel=\"noopener\">Vyhl\u00e1\u0161ka 264\/2020 Sb. o energetick\u00e9 n\u00e1ro\u010dnosti budov<\/a><br \/>\n<em>upravuje n\u011bkter\u00e9 n\u00e1le\u017eitosti spojen\u00e9 s pr\u016fkazem energetick\u00e9 n\u00e1ro\u010dnosti budovy<\/em><\/li>\n<\/ul>\n","protected":false},"excerpt":{"rendered":"<p><a title=\"Stanovy\" href=\"http:\/\/www.bdpsencik.cz\/wp-content\/uploads\/Stanovy-zn\u011bn\u00ed-od-20140610.pdf\">Stanovy<\/a><\/p>\n<p><a title=\"Domovn\u00ed \u0159\u00e1d\" href=\"https:\/\/www.bdpsencik.cz\/wp-content\/uploads\/Domovn\u00ed-\u0159\u00e1d-od-20150623.pdf\">Domovn\u00ed \u0159\u00e1d<\/a><\/p>\n<p><a href=\"https:\/\/www.bdpsencik.cz\/wp-content\/uploads\/Zpusob-vyuctovani-sluzeb-spojenych-s-uzivanim-bytu.pdf\">Zp\u016fsob vy\u00fa\u010dtov\u00e1n\u00ed slu\u017eeb spojen\u00fdch s u\u017e\u00edv\u00e1n\u00edm byt\u016f<\/a><\/p>\n<p><a title=\"V\u00fd\u0161e poplatk\u016f spojen\u00fdch s u\u017e\u00edv\u00e1n\u00edm bytu\" href=\"https:\/\/www.bdpsencik.cz\/?page_id=751\">V\u00fd\u0161e poplatk\u016f spojen\u00fdch s u\u017e\u00edv\u00e1n\u00edm bytu<\/a><\/p>\n<p> Vybran\u00e9 obecn\u011b z\u00e1vazn\u00e9 p\u0159edpisy <\/p>\n<li><a title=\"Z\u00e1kon o obchodn\u00edch korporac\u00edch\" href=\"http:\/\/www.zakonyprolidi.cz\/cs\/2012-90\" target=\"_blank\" rel=\"noopener\">Z\u00e1kon 90\/2012 Sb., z\u00e1kon o obchodn\u00edch korporac\u00edch<\/a> v platn\u00e9m zn\u011bn\u00ed, zejm\u00e9na \u00a7 727-757 upravuje nap\u0159. <a href=\"https:\/\/www.bdpsencik.cz\/?page_id=459\">[v\u00edce &#8230;]<\/a><br \/>\n","protected":false},"author":2,"featured_media":180,"parent":0,"menu_order":0,"comment_status":"closed","ping_status":"open","template":"","meta":{"footnotes":""},"class_list":["post-459","page","type-page","status-publish","has-post-thumbnail","hentry","odd"],"_links":{"self":[{"href":"https:\/\/www.bdpsencik.cz\/index.php?rest_route=\/wp\/v2\/pages\/459","targetHints":{"allow":["GET"]}}],"collection":[{"href":"https:\/\/www.bdpsencik.cz\/index.php?rest_route=\/wp\/v2\/pages"}],"about":[{"href":"https:\/\/www.bdpsencik.cz\/index.php?rest_route=\/wp\/v2\/types\/page"}],"author":[{"embeddable":true,"href":"https:\/\/www.bdpsencik.cz\/index.php?rest_route=\/wp\/v2\/users\/2"}],"replies":[{"embeddable":true,"href":"https:\/\/www.bdpsencik.cz\/index.php?rest_route=%2Fwp%2Fv2%2Fcomments&post=459"}],"version-history":[{"count":13,"href":"https:\/\/www.bdpsencik.cz\/index.php?rest_route=\/wp\/v2\/pages\/459\/revisions"}],"predecessor-version":[{"id":1034,"href":"https:\/\/www.bdpsencik.cz\/index.php?rest_route=\/wp\/v2\/pages\/459\/revisions\/1034"}],"wp:featuredmedia":[{"embeddable":true,"href":"https:\/\/www.bdpsencik.cz\/index.php?rest_route=\/wp\/v2\/media\/180"}],"wp:attachment":[{"href":"https:\/\/www.bdpsencik.cz\/index.php?rest_route=%2Fwp%2Fv2%2Fmedia&parent=459"}],"curies":[{"name":"wp","href":"https:\/\/api.w.org\/{rel}","templated":true}]}}