{"id":19,"date":"2014-02-11T12:50:07","date_gmt":"2014-02-11T11:50:07","guid":{"rendered":"http:\/\/www.bdpsencik.cz\/?page_id=19"},"modified":"2023-06-15T09:24:27","modified_gmt":"2023-06-15T07:24:27","slug":"vedeni","status":"publish","type":"page","link":"https:\/\/www.bdpsencik.cz\/?page_id=19","title":{"rendered":"Kontakt"},"content":{"rendered":"<p><strong>Bytov\u00e9 dru\u017estvo \u201eP\u0161en\u010d\u00edk\u201c<\/strong><\/p>\n<p>P\u0161en\u010d\u00edkova 682\/8<br \/>\n142 00 \u00a0Praha 411<\/p>\n<p>e-mail: <a href=\"mailto:info@bdpsencik.cz\">info@bdpsencik.cz<\/a><\/p>\n<p>I\u010c: 62408062<br \/>\ndatov\u00e1 schr\u00e1nka: ekpt8yp<\/p>\n<p>\u010d\u00edslo \u00fa\u010dtu: 6505290207\/0100<\/p>\n<p>Hl\u00e1\u0161en\u00ed hav\u00e1ri\u00ed: Jan R\u00f6thig, tel. 604 796 938<br \/>\nP\u0159edseda p\u0159edstavenstva: Ing. Petr Sosna<\/p>\n<h3>\u00dadaje z ve\u0159ejn\u00fdch rejst\u0159\u00edk\u016f<\/h3>\n<p><a title=\"Obchodn\u00ed rejst\u0159\u00edk\" href=\"https:\/\/or.justice.cz\/ias\/ui\/rejstrik-$firma?ico=62408062\" target=\"_blank\" rel=\"noopener\">Obchodn\u00ed rejst\u0159\u00edk<\/a><\/p>\n<h4>Katastr nemovitost\u00ed<\/h4>\n<p>Bytov\u00e9 dru\u017estvo &#8222;P\u0161en\u010d\u00edk&#8220; je vlastn\u00edkem pozemku<\/p>\n<ul>\n<li>parceln\u00ed \u010d\u00edslo 1857\/25 a na n\u011bm stoj\u00edc\u00ed stavby \u010d\u00edslo popisn\u00e9 682<\/li>\n<li>parceln\u00ed \u010d\u00edslo 1857\/26 a na n\u011bm stoj\u00edc\u00ed stavby \u010d\u00edslo popisn\u00e9 683<\/li>\n<\/ul>\n<p>v katastr\u00e1ln\u00edm \u00fazem\u00ed\u00a0Kam\u00fdk [728438], zaps\u00e1no na listu vlastnictv\u00ed 420.<\/p>\n","protected":false},"excerpt":{"rendered":"<p>Bytov\u00e9 dru\u017estvo \u201eP\u0161en\u010d\u00edk\u201c<\/p>\n<p>P\u0161en\u010d\u00edkova 682\/8 142 00 Praha 411<\/p>\n<p>e-mail: <a href=\"mailto:info@bdpsencik.cz\">info@bdpsencik.cz<\/a><\/p>\n<p>I\u010c: 62408062 datov\u00e1 schr\u00e1nka: ekpt8yp<\/p>\n<p>\u010d\u00edslo \u00fa\u010dtu: 6505290207\/0100<\/p>\n<p>Hl\u00e1\u0161en\u00ed hav\u00e1ri\u00ed: Jan R\u00f6thig, tel. 604 796 938 P\u0159edseda p\u0159edstavenstva: Ing. Petr Sosna<\/p>\n<p> \u00dadaje z ve\u0159ejn\u00fdch rejst\u0159\u00edk\u016f <\/p>\n<p><a title=\"Obchodn\u00ed rejst\u0159\u00edk\" href=\"https:\/\/or.justice.cz\/ias\/ui\/rejstrik-$firma?ico=62408062\" target=\"_blank\" rel=\"noopener\">Obchodn\u00ed rejst\u0159\u00edk<\/a><\/p>\n<p> Katastr nemovitost\u00ed <\/p>\n<p>Bytov\u00e9 dru\u017estvo &#8222;P\u0161en\u010d\u00edk&#8220; je vlastn\u00edkem pozemku<\/p>\n<li>parceln\u00ed \u010d\u00edslo 1857\/25 <a href=\"https:\/\/www.bdpsencik.cz\/?page_id=19\">[v\u00edce &#8230;]<\/a><br \/>\n","protected":false},"author":1,"featured_media":0,"parent":0,"menu_order":0,"comment_status":"open","ping_status":"open","template":"","meta":{"footnotes":""},"class_list":["post-19","page","type-page","status-publish","hentry","odd"],"_links":{"self":[{"href":"https:\/\/www.bdpsencik.cz\/index.php?rest_route=\/wp\/v2\/pages\/19","targetHints":{"allow":["GET"]}}],"collection":[{"href":"https:\/\/www.bdpsencik.cz\/index.php?rest_route=\/wp\/v2\/pages"}],"about":[{"href":"https:\/\/www.bdpsencik.cz\/index.php?rest_route=\/wp\/v2\/types\/page"}],"author":[{"embeddable":true,"href":"https:\/\/www.bdpsencik.cz\/index.php?rest_route=\/wp\/v2\/users\/1"}],"replies":[{"embeddable":true,"href":"https:\/\/www.bdpsencik.cz\/index.php?rest_route=%2Fwp%2Fv2%2Fcomments&post=19"}],"version-history":[{"count":16,"href":"https:\/\/www.bdpsencik.cz\/index.php?rest_route=\/wp\/v2\/pages\/19\/revisions"}],"predecessor-version":[{"id":1031,"href":"https:\/\/www.bdpsencik.cz\/index.php?rest_route=\/wp\/v2\/pages\/19\/revisions\/1031"}],"wp:attachment":[{"href":"https:\/\/www.bdpsencik.cz\/index.php?rest_route=%2Fwp%2Fv2%2Fmedia&parent=19"}],"curies":[{"name":"wp","href":"https:\/\/api.w.org\/{rel}","templated":true}]}}